{"id":17,"date":"2024-06-13T16:27:35","date_gmt":"2024-06-13T19:27:35","guid":{"rendered":"https:\/\/grasso.net.ar\/?page_id=17"},"modified":"2024-06-15T13:25:22","modified_gmt":"2024-06-15T16:25:22","slug":"precarina-data-security","status":"publish","type":"page","link":"https:\/\/grasso.net.ar\/es\/precarina\/precarina-data-security\/","title":{"rendered":"Pol\u00edtica de privacidad de PRECARINA"},"content":{"rendered":"<p><strong>Fecha de entrada en vigencia:<\/strong> 1 de enero de 2024<\/p>\n<p>El desarrollador est\u00e1 comprometido con la protecci\u00f3n de la privacidad de los usuarios. Esta Pol\u00edtica de Privacidad explica c\u00f3mo no recolectamos, usamos ni revelamos informaci\u00f3n en la nuestra aplicaci\u00f3n m\u00f3vil PRECARINA (en adelante \"la APP\").<\/p>\n<h3>\u00bfColecta PRECARINA alguna informaci\u00f3n?<\/h3>\n<p><strong><em>PRECARINA no colecta informaci\u00f3n personal alguna de sus usuarios.<\/em><\/strong><\/p>\n<p>Esto incluye:<\/p>\n<ul>\n<li>Nombre<\/li>\n<li>Direcci\u00f3n de mail<\/li>\n<li>N\u00famero telef\u00f3nico<\/li>\n<li>Datos de localizaci\u00f3n<\/li>\n<li>Informaci\u00f3n de contacto<\/li>\n<li>Identificadores de dispositivo<\/li>\n<li>Cualquiera otra informaci\u00f3n que pudiera ser usada para identificar al usuario<\/li>\n<li>Informaci\u00f3n usada para los c\u00e1lculos<\/li>\n<\/ul>\n<p>La aplicaci\u00f3n permite el ingreso de datos que se utilizan exclusivamente para realizar c\u00e1lculos dentro de la APP.<\/p>\n<p>Esto incluye:<\/p>\n<ul>\n<li>G\u00e9nero<\/li>\n<li>Edad<\/li>\n<li>Estatura<\/li>\n<li>Peso<\/li>\n<\/ul>\n<p>Estos datos se usan \u00fanicamente para para realizar c\u00e1lculos dentro de la sesi\u00f3n de uso de la App y no se guarda nunca localmente en el dispositivo ni se la transmite a ning\u00fan sitio remoto. Una vez que el usuario cierra la aplicaci\u00f3n esos datos se pierden.<\/p>\n<h3>\u00bfUsamos su informaci\u00f3n?<\/h3>\n<p>No utilizamos su informaci\u00f3n personal para ning\u00fan fin.<\/p>\n<h3>Revelado y compartici\u00f3n de informaci\u00f3n<\/h3>\n<p>No revelamos ni compartimos los datos ingresados a la APP<\/p>\n<h3>Contacto:<\/h3>\n<p>Si tiene alguna duda o pregunta acerca de esta pol\u00edtica de privacidad, por favor cont\u00e1ctenos a:<\/p>\n<p>claudio.grasso@yahoo.com<\/p>","protected":false},"excerpt":{"rendered":"<p>Effective Date: January 1st, 2024 The developer is committed to protecting the privacy of our users. This Privacy Policy explains how we do not collect, use, and\/or disclose information in connection with our mobile application, PRECARINA (the &#8220;App&#8221;). Does PRECARINA collect any information? PRECARINA does not collect any personal information from its users. This includes: &#8230; <a title=\"Pol\u00edtica de privacidad de PRECARINA\" class=\"read-more\" href=\"https:\/\/grasso.net.ar\/es\/precarina\/precarina-data-security\/\" aria-label=\"Leer m\u00e1s sobre PRECARINA Privacy Policy\">Leer m\u00e1s<\/a><\/p>","protected":false},"author":2,"featured_media":0,"parent":7,"menu_order":0,"comment_status":"closed","ping_status":"closed","template":"","meta":{"footnotes":""},"class_list":["post-17","page","type-page","status-publish"],"_links":{"self":[{"href":"https:\/\/grasso.net.ar\/es\/wp-json\/wp\/v2\/pages\/17","targetHints":{"allow":["GET"]}}],"collection":[{"href":"https:\/\/grasso.net.ar\/es\/wp-json\/wp\/v2\/pages"}],"about":[{"href":"https:\/\/grasso.net.ar\/es\/wp-json\/wp\/v2\/types\/page"}],"author":[{"embeddable":true,"href":"https:\/\/grasso.net.ar\/es\/wp-json\/wp\/v2\/users\/2"}],"replies":[{"embeddable":true,"href":"https:\/\/grasso.net.ar\/es\/wp-json\/wp\/v2\/comments?post=17"}],"version-history":[{"count":13,"href":"https:\/\/grasso.net.ar\/es\/wp-json\/wp\/v2\/pages\/17\/revisions"}],"predecessor-version":[{"id":51,"href":"https:\/\/grasso.net.ar\/es\/wp-json\/wp\/v2\/pages\/17\/revisions\/51"}],"up":[{"embeddable":true,"href":"https:\/\/grasso.net.ar\/es\/wp-json\/wp\/v2\/pages\/7"}],"wp:attachment":[{"href":"https:\/\/grasso.net.ar\/es\/wp-json\/wp\/v2\/media?parent=17"}],"curies":[{"name":"wp","href":"https:\/\/api.w.org\/{rel}","templated":true}]}}