{"id":7,"date":"2024-06-13T16:07:54","date_gmt":"2024-06-13T19:07:54","guid":{"rendered":"https:\/\/grasso.net.ar\/?page_id=7"},"modified":"2025-04-30T18:17:21","modified_gmt":"2025-04-30T21:17:21","slug":"precarina","status":"publish","type":"page","link":"https:\/\/grasso.net.ar\/es\/precarina\/","title":{"rendered":"PRECARINA"},"content":{"rendered":"<p><a href=\"https:\/\/grasso.net.ar\/es\/precarina\/precarina-data-security\/\" data-type=\"page\" data-id=\"17\">Pol\u00edtica de privacidad de PRECARINA<\/a><\/p>\r\n\r\n\r\n\r\n<p><b>APP PRECARINA: <\/b><b>PRE<\/b><b>venci\u00f3n <\/b><b>CAR<\/b><b>diovascular <\/b><b>IN<\/b><b>fantil <\/b><b>A<\/b><b>rgentina<\/b><\/p>\r\n<p><a href=\"https:\/\/youtu.be\/7MqFMSTr0fI\" target=\"_blank\" rel=\"noopener\">PRECARINA on TV<\/a><\/p>\r\n<p><b>Autores:<\/b><span style=\"font-weight: 400;\">\u00a0<\/span><\/p>\r\n<ol start=\"6\">\r\n<li><span style=\"font-weight: 400;\"> SARDELLA<\/span><span style=\"font-weight: 400;\">1<\/span><span style=\"font-weight: 400;\">, B. WAGMAISTER<\/span><span style=\"font-weight: 400;\">1<\/span><span style=\"font-weight: 400;\">, M. VACCARI<\/span><span style=\"font-weight: 400;\">2<\/span><span style=\"font-weight: 400;\">, M. TONIETTI<\/span><span style=\"font-weight: 400;\">3<\/span><span style=\"font-weight: 400;\">, P. PALENQUE<\/span><span style=\"font-weight: 400;\">3<\/span><span style=\"font-weight: 400;\">, C. GVIRTZMAN<\/span><span style=\"font-weight: 400;\">4<\/span><span style=\"font-weight: 400;\">, C. MOROS<\/span><span style=\"font-weight: 400;\">1<\/span><span style=\"font-weight: 400;\">, M. CAZALAS<\/span><span style=\"font-weight: 400;\">1<\/span><span style=\"font-weight: 400;\">, MS. ELORRIAGA<\/span><span style=\"font-weight: 400;\">5<\/span><span style=\"font-weight: 400;\">, SZULMAN, G<\/span><span style=\"font-weight: 400;\">6<\/span><span style=\"font-weight: 400;\">. C. GRASSO<\/span><span style=\"font-weight: 400;\">7<\/span><\/li>\r\n<\/ol>\r\n<p><b>Departamentos Institucionales:<\/b><\/p>\r\n<p><span style=\"font-weight: 400;\">Hospital de Ni\u00f1os Dr. Ricardo Guti\u00e9rrez, CABA, Buenos Aires, ARGENTINA.<\/span><\/p>\r\n<p><span style=\"font-weight: 400;\">1<\/span><span style=\"font-weight: 400;\"> Divisi\u00f3n Cardiolog\u00eda<\/span><\/p>\r\n<p><span style=\"font-weight: 400;\">2<\/span><span style=\"font-weight: 400;\"> Consultorio de Hipertensi\u00f3n Arterial\u00a0<\/span><\/p>\r\n<p><span style=\"font-weight: 400;\">3<\/span><span style=\"font-weight: 400;\"> Nutrici\u00f3n y Diabetes<\/span><\/p>\r\n<p><span style=\"font-weight: 400;\">4<\/span><span style=\"font-weight: 400;\"> Laboratorio de Sue\u00f1o, Neumolog\u00eda<\/span><\/p>\r\n<p><span style=\"font-weight: 400;\">5<\/span><span style=\"font-weight: 400;\"> Deportologia<\/span><\/p>\r\n<p><span style=\"font-weight: 400;\">6 <\/span><span style=\"font-weight: 400;\">Unidad 13<\/span><\/p>\r\n<p><span style=\"font-weight: 400;\">7<\/span><span style=\"font-weight: 400;\"> Licenciado en Ciencias F\u00edsicas<\/span><\/p>\r\n<p>&nbsp;<\/p>\r\n<p><b>Nombre y direcci\u00f3n actual del autor responsable de la correspondencia<\/b><span style=\"font-weight: 400;\">:<\/span><\/p>\r\n<p><span style=\"font-weight: 400;\">Dra. ANGELA SARDELLA<\/span><\/p>\r\n<p><span style=\"font-weight: 400;\">Avenida Virrey Vert\u00edz, 1710. Piso 15. Departamento 28 &#8211; CABA \u2013 1428 \u2013 Argentina<\/span><\/p>\r\n<p><span style=\"font-weight: 400;\">E mail: drasardella@gmail.com<\/span><\/p>\r\n<p><b>Financiamiento<\/b><span style=\"font-weight: 400;\">: Sin requerimiento de financiamiento<\/span><\/p>\r\n<p><b>Conflictos de inter\u00e9s<\/b><span style=\"font-weight: 400;\">: Sin conflictos de inter\u00e9s<\/span><\/p>\r\n<p>&nbsp;<\/p>\r\n<p><b>RESUMEN:<\/b><\/p>\r\n<p><span style=\"font-weight: 400;\">En 2010, la Asociaci\u00f3n Americana del Coraz\u00f3n (AHA) defini\u00f3 la salud cardiovascular (SCV) como una estrategia de promoci\u00f3n de la salud de por vida. Inspirados en la publicaci\u00f3n Essential 8<\/span><span style=\"font-weight: 400;\">th<\/span><span style=\"font-weight: 400;\"> de la AHA y en la aplicaci\u00f3n My Life Check lanzada en 2022 (My Life Check\u00ae American Heart Association, Inc) nuestro objetivo fue crear una<\/span> <span style=\"font-weight: 400;\">APP (aplicaci\u00f3n de software dise\u00f1ada para funcionar en dispositivos m\u00f3viles)\u00a0 adaptada a la atenci\u00f3n pedi\u00e1trica ambulatoria alineada con el consenso de SCV en Argentina y promover la prevenci\u00f3n cardiovascular en ni\u00f1os en Argentina y Am\u00e9rica Latina. La aplicaci\u00f3n analiza ocho componentes de SCV, incluyendo Conductas Saludables (dieta, actividad f\u00edsica, exposici\u00f3n al tabaco, sue\u00f1o) y Factores Saludables (\u00edndice de masa corporal, l\u00edpidos sangu\u00edneos, glucemia y presi\u00f3n arterial). El sistema de puntuaci\u00f3n se alinea con el consenso argentino. Para descargar la aplicaci\u00f3n, los usuarios deben aceptar t\u00e9rminos y condiciones, asegurando est\u00e1ndares de seguridad para iPhone y Android. La puntuaci\u00f3n estimada de SCV infantil sirve como gu\u00eda y destaca la importancia de evaluaciones peri\u00f3dicas. Los resultados muestran puntuaciones individuales de m\u00e9tricas de 0 a 100, permitiendo un seguimiento enfocado del progreso. La puntuaci\u00f3n general, un promedio no ponderado, ayuda en la evaluaci\u00f3n integral.<\/span><\/p>\r\n<p><span style=\"font-weight: 400;\">En conclusi\u00f3n, esta aplicaci\u00f3n accesible y gratuita facilita la evaluaci\u00f3n y seguimiento a largo plazo de la SCV infantil. Su uso generalizado contribuir\u00e1 con datos y herramientas valiosas para promover conductas saludables en iniciativas de salud p\u00fablica.<\/span><\/p>\r\n<p><b>Palabras Clave<\/b><span style=\"font-weight: 400;\">: Salud cardiovascular &#8211; Aplicaci\u00f3n pedi\u00e1trica &#8211; Prevenci\u00f3n cardiovascular \u2013 Promoci\u00f3n Cardiovascular &#8211; Conductas saludables &#8211; Factores saludables &#8211; Score Salud Cardiovascular Pedi\u00e1trico<\/span><\/p>\r\n<p>&nbsp;<\/p>\r\n<p><b>ABSTRACT:<\/b><\/p>\r\n<p><span style=\"font-weight: 400;\">In 2010, the American Heart Association (AHA) defined cardiovascular health (CVH) as a lifelong health promotion strategy. Inspired by the AHA&#8217;s Life&#8217;s Essential 8<\/span><span style=\"font-weight: 400;\">th<\/span><span style=\"font-weight: 400;\"> publication and the My Life Check app released in 2022, we aimed to create a similar app tailored to pediatric outpatient care in Argentina. Our goals were to design an app aligned with Argentina&#8217;s CVH consensus and promote cardiovascular prevention in children across Argentina and Latin America. The app analyzes eight CVH\u00a0<\/span><\/p>\r\n<p><span style=\"font-weight: 400;\">components, including Healthy Behaviors (diet, physical activity, nicotine exposure, sleep) and Healthy Factors (body mass index, blood lipids, glycemia, and blood pressure). The scoring system aligns with Argentina&#8217;s consensus. To download the app, users must accept terms and conditions, ensuring safety standards for iPhone and Android. The estimated infant CVH score serves as a guideline and emphasizes the importance of regular assessments. Results display individual metric scores from 0 to 100, allowing focused tracking of progress. The overall score, an unweighted average, aids in comprehensive evaluation.<\/span><\/p>\r\n<p><span style=\"font-weight: 400;\">In conclusion, this accessible and free app facilitates infant CVH assessment and long-term monitoring. Its widespread use will contribute valuable data and tools for promoting healthy behaviors in public health initiatives.<\/span><\/p>\r\n<p><b>Keywords:<\/b><span style=\"font-weight: 400;\"> Cardiovascular health &#8211; Pediatric application &#8211; Cardiovascular prevention &#8211; Cardiovascular promotion &#8211; Healthy behaviors &#8211; Healthy factors &#8211; Pediatric Cardiovascular Health Score<\/span><\/p>","protected":false},"excerpt":{"rendered":"<p>PRECARINA Privacy Policy APP PRECARINA: PREvenci\u00f3n CARdiovascular INfantil Argentina PRECARINA on TV Autores:\u00a0 SARDELLA1, B. WAGMAISTER1, M. VACCARI2, M. TONIETTI3, P. PALENQUE3, C. GVIRTZMAN4, C. MOROS1, M. CAZALAS1, MS. ELORRIAGA5, SZULMAN, G6. C. GRASSO7 Departamentos Institucionales: Hospital de Ni\u00f1os Dr. Ricardo Guti\u00e9rrez, CABA, Buenos Aires, ARGENTINA. 1 Divisi\u00f3n Cardiolog\u00eda 2 Consultorio de Hipertensi\u00f3n Arterial\u00a0 3 &#8230; <a title=\"PRECARINA\" class=\"read-more\" href=\"https:\/\/grasso.net.ar\/es\/precarina\/\" aria-label=\"Leer m\u00e1s sobre PRECARINA\">Leer m\u00e1s<\/a><\/p>","protected":false},"author":2,"featured_media":0,"parent":0,"menu_order":0,"comment_status":"closed","ping_status":"closed","template":"","meta":{"footnotes":""},"class_list":["post-7","page","type-page","status-publish"],"_links":{"self":[{"href":"https:\/\/grasso.net.ar\/es\/wp-json\/wp\/v2\/pages\/7","targetHints":{"allow":["GET"]}}],"collection":[{"href":"https:\/\/grasso.net.ar\/es\/wp-json\/wp\/v2\/pages"}],"about":[{"href":"https:\/\/grasso.net.ar\/es\/wp-json\/wp\/v2\/types\/page"}],"author":[{"embeddable":true,"href":"https:\/\/grasso.net.ar\/es\/wp-json\/wp\/v2\/users\/2"}],"replies":[{"embeddable":true,"href":"https:\/\/grasso.net.ar\/es\/wp-json\/wp\/v2\/comments?post=7"}],"version-history":[{"count":7,"href":"https:\/\/grasso.net.ar\/es\/wp-json\/wp\/v2\/pages\/7\/revisions"}],"predecessor-version":[{"id":116,"href":"https:\/\/grasso.net.ar\/es\/wp-json\/wp\/v2\/pages\/7\/revisions\/116"}],"wp:attachment":[{"href":"https:\/\/grasso.net.ar\/es\/wp-json\/wp\/v2\/media?parent=7"}],"curies":[{"name":"wp","href":"https:\/\/api.w.org\/{rel}","templated":true}]}}