{"id":74,"date":"2025-04-29T16:56:48","date_gmt":"2025-04-29T19:56:48","guid":{"rendered":"https:\/\/grasso.net.ar\/?page_id=74"},"modified":"2025-04-29T20:46:31","modified_gmt":"2025-04-29T23:46:31","slug":"education-certifications","status":"publish","type":"page","link":"https:\/\/grasso.net.ar\/es\/education-certifications\/","title":{"rendered":"Education &#038; Certifications"},"content":{"rendered":"<h2 class=\"ng-star-inserted\"><strong class=\"ng-star-inserted\"><span class=\"ng-star-inserted\">Education &amp; Professional Development<\/span><\/strong><\/h2>\n<h3 class=\"ng-star-inserted\"><strong class=\"ng-star-inserted\"><span class=\"ng-star-inserted\">Formal Education<\/span><\/strong><\/h3>\n<ul class=\"ng-star-inserted\">\n<li class=\"ng-star-inserted\">\n<p class=\"ng-star-inserted\"><strong class=\"ng-star-inserted\"><span class=\"ng-star-inserted\">Licenciado, Ciencias F\u00edsicas (Physics Degree)<\/span><\/strong><\/p>\n<ul class=\"ng-star-inserted\">\n<li class=\"ng-star-inserted\">\n<p class=\"ng-star-inserted\"><span class=\"ng-star-inserted\">University of Buenos Aires (1979 &#8211; 1986)<\/span><\/p>\n<\/li>\n<\/ul>\n<\/li>\n<li class=\"ng-star-inserted\">\n<p class=\"ng-star-inserted\"><strong class=\"ng-star-inserted\"><span class=\"ng-star-inserted\">Direcci\u00f3n de Proyectos &#8211; PMI (Project Management Program)<\/span><\/strong><\/p>\n<ul class=\"ng-star-inserted\">\n<li class=\"ng-star-inserted\">\n<p class=\"ng-star-inserted\"><span class=\"ng-star-inserted\">Escuela de Integraci\u00f3n de Tecnolog\u00eda, Gesti\u00f3n y Negocios de la ORT (2009)<\/span><\/p>\n<\/li>\n<\/ul>\n<\/li>\n<li class=\"ng-star-inserted\">\n<p class=\"ng-star-inserted\"><strong class=\"ng-star-inserted\"><span class=\"ng-star-inserted\">Programador Superior en COBOL (COBOL Programmer Analyst)<\/span><\/strong><\/p>\n<ul class=\"ng-star-inserted\">\n<li class=\"ng-star-inserted\">\n<p class=\"ng-star-inserted\"><span class=\"ng-star-inserted\">Fuerza A\u00e9rea Argentina (Argentine Air Force) (1985)<\/span><\/p>\n<\/li>\n<\/ul>\n<\/li>\n<li class=\"ng-star-inserted\">\n<p class=\"ng-star-inserted\"><strong class=\"ng-star-inserted\"><span class=\"ng-star-inserted\">Bachiller (High School Diploma)<\/span><\/strong><\/p>\n<ul class=\"ng-star-inserted\">\n<li class=\"ng-star-inserted\">\n<p class=\"ng-star-inserted\"><span class=\"ng-star-inserted\">Colegio Manuel Belgrano (Hermanos Maristas) (1976 &#8211; 1978)<\/span><\/p>\n<\/li>\n<\/ul>\n<\/li>\n<\/ul>\n<h3 class=\"ng-star-inserted\"><\/h3>\n<h3 class=\"ng-star-inserted\"><strong class=\"ng-star-inserted\"><span class=\"ng-star-inserted\">Certifications &amp; Training by Category <\/span><\/strong><span class=\"ng-star-inserted\">(Check <a href=\"https:\/\/www.linkedin.com\/in\/claudio-grasso-a211116\/\">LinkedIn<\/a> for a full list)<\/span><\/h3>\n<h4 class=\"ng-star-inserted\"><strong class=\"ng-star-inserted\"><span class=\"ng-star-inserted\">AI \/ Machine Learning \/ Generative AI<\/span><\/strong><\/h4>\n<ul>\n<li class=\"ng-star-inserted\"><span class=\"ng-star-inserted\">IBM AI Engineering Professional Certificate (V3) (Coursera)<\/span><\/li>\n<li class=\"ng-star-inserted\"><span class=\"ng-star-inserted\">AI Agents and Agentic AI with Python &amp; Generative AI (Vanderbilt University \/ Coursera)<\/span><\/li>\n<li class=\"ng-star-inserted\"><span class=\"ng-star-inserted\">AI Agents Using RAG and LangChain (Coursera)<\/span><\/li>\n<li class=\"ng-star-inserted\"><span class=\"ng-star-inserted\">AI Agents Fundamentals (Hugging Face)<\/span><\/li>\n<li class=\"ng-star-inserted\"><span class=\"ng-star-inserted\">Agentic AI and AI Agents: A Primer for Leaders (Vanderbilt University \/ Coursera)<\/span><\/li>\n<li class=\"ng-star-inserted\"><span class=\"ng-star-inserted\">Generative AI Advanced Fine-Tuning for LLMs (Coursera)<\/span><\/li>\n<li class=\"ng-star-inserted\"><span class=\"ng-star-inserted\">Generative AI Language Modeling with Transformers (Coursera)<\/span><\/li>\n<li class=\"ng-star-inserted\"><span class=\"ng-star-inserted\">Generative AI and LLMs: Architecture and Data Preparation (Coursera \/ IBM)<\/span><\/li>\n<li class=\"ng-star-inserted\"><span class=\"ng-star-inserted\">Gen AI Foundational Models for NLP &amp; Language Understanding (IBM \/ Coursera)<\/span><\/li>\n<li class=\"ng-star-inserted\"><span class=\"ng-star-inserted\">Generative AI Essentials (Coursera)<\/span><\/li>\n<li class=\"ng-star-inserted\"><span class=\"ng-star-inserted\">Generative AI: Introduction and Applications (IBM \/ Coursera)<\/span><\/li>\n<li class=\"ng-star-inserted\"><span class=\"ng-star-inserted\">Prompt Engineering for ChatGPT (Vanderbilt University \/ Coursera)<\/span><\/li>\n<li class=\"ng-star-inserted\"><span class=\"ng-star-inserted\">Hands-On Generative AI with Diffusion Models: Building Real-World Applications (LinkedIn)<\/span><\/li>\n<li class=\"ng-star-inserted\"><span class=\"ng-star-inserted\">AI Text Summarization with Hugging Face (LinkedIn)<\/span><\/li>\n<li class=\"ng-star-inserted\"><span class=\"ng-star-inserted\">Applied AI: Getting Started with Hugging Face Transformers (LinkedIn)<\/span><\/li>\n<li class=\"ng-star-inserted\"><span class=\"ng-star-inserted\">Generative AI: Introduction to Large Language Models (LinkedIn)<\/span><\/li>\n<li class=\"ng-star-inserted\"><span class=\"ng-star-inserted\">Generative AI: Working with Large Language Models (LinkedIn)<\/span><\/li>\n<li class=\"ng-star-inserted\"><span class=\"ng-star-inserted\">Introduction to Large Language Models (LinkedIn)<\/span><\/li>\n<li class=\"ng-star-inserted\"><span class=\"ng-star-inserted\">Transformers: Text Classification for NLP Using BERT (LinkedIn)<\/span><\/li>\n<li class=\"ng-star-inserted\"><span class=\"ng-star-inserted\">Advanced Deep Learning Specialist (Coursera)<\/span><\/li>\n<li class=\"ng-star-inserted\"><span class=\"ng-star-inserted\">Deep Learning Essentials with Keras (Coursera)<\/span><\/li>\n<li class=\"ng-star-inserted\"><span class=\"ng-star-inserted\">Introduction to Neural Networks and PyTorch (IBM \/ Coursera)<\/span><\/li>\n<li class=\"ng-star-inserted\"><span class=\"ng-star-inserted\">Deep Learning: Getting Started (LinkedIn)<\/span><\/li>\n<li class=\"ng-star-inserted\"><span class=\"ng-star-inserted\">Machine Learning with Python (Coursera)<\/span><\/li>\n<li class=\"ng-star-inserted\"><span class=\"ng-star-inserted\">Artificial Intelligence Foundations: Machine Learning (LinkedIn)<\/span><\/li>\n<\/ul>\n<h4 class=\"ng-star-inserted\"><strong class=\"ng-star-inserted\"><span class=\"ng-star-inserted\">Python &amp; Data Science<\/span><\/strong><\/h4>\n<ul>\n<li class=\"ng-star-inserted\"><span class=\"ng-star-inserted\">Introduction to Data Science in Python (University of Michigan \/ Coursera)<\/span><\/li>\n<li class=\"ng-star-inserted\"><span class=\"ng-star-inserted\">Python for Data Science Essential Training Part 1 (LinkedIn)<\/span><\/li>\n<li class=\"ng-star-inserted\"><span class=\"ng-star-inserted\">NumPy Essential Training: 1 Foundations of NumPy (LinkedIn)<\/span><\/li>\n<li class=\"ng-star-inserted\"><span class=\"ng-star-inserted\">Learning Python (LinkedIn)<\/span><\/li>\n<li class=\"ng-star-inserted\"><span class=\"ng-star-inserted\">Nano Tips to Jump Start Your Coding in Python with Ronnie Sheer (LinkedIn)<\/span><\/li>\n<li class=\"ng-star-inserted\"><span class=\"ng-star-inserted\">Data Visualizations with Plotly (LinkedIn)<\/span><\/li>\n<\/ul>\n<h4 class=\"ng-star-inserted\"><strong class=\"ng-star-inserted\"><span class=\"ng-star-inserted\">Web Development (Frontend &#8211; React, JavaScript)<\/span><\/strong><\/h4>\n<ul>\n<li class=\"ng-star-inserted\"><span class=\"ng-star-inserted\">Developing Front-End Apps with React (IBM \/ Coursera)<\/span><\/li>\n<li class=\"ng-star-inserted\"><span class=\"ng-star-inserted\">Front-end Development with React V2 (Coursera)<\/span><\/li>\n<li class=\"ng-star-inserted\"><span class=\"ng-star-inserted\">JavaScript Programming Essentials (Coursera)<\/span><\/li>\n<\/ul>\n<h4 class=\"ng-star-inserted\"><strong class=\"ng-star-inserted\"><span class=\"ng-star-inserted\">Web Development (Backend &#8211; Django, Node.js, Java EE)<\/span><\/strong><\/h4>\n<ul>\n<li class=\"ng-star-inserted\"><span class=\"ng-star-inserted\">Building Web Applications in Django (University of Michigan \/ Coursera)<\/span><\/li>\n<li class=\"ng-star-inserted\"><span class=\"ng-star-inserted\">Django Features and Libraries (University of Michigan \/ Coursera)<\/span><\/li>\n<li class=\"ng-star-inserted\"><span class=\"ng-star-inserted\">Java EE 7: Web Services (LinkedIn)<\/span><\/li>\n<li class=\"ng-star-inserted\"><span class=\"ng-star-inserted\">Java EE: JavaServer Faces JSF (LinkedIn)<\/span><\/li>\n<li class=\"ng-star-inserted\"><span class=\"ng-star-inserted\">Java EE: Servlets and JavaServer Pages (JSP) (LinkedIn)<\/span><\/li>\n<li class=\"ng-star-inserted\"><span class=\"ng-star-inserted\">Learning Java Enterprise Edition (LinkedIn)<\/span><\/li>\n<li class=\"ng-star-inserted\"><span class=\"ng-star-inserted\">Node.js Essential Training (LinkedIn)<\/span><\/li>\n<\/ul>\n<h4 class=\"ng-star-inserted\"><strong class=\"ng-star-inserted\"><span class=\"ng-star-inserted\">Mobile Development (Flutter, Dart, Android, Kotlin)<\/span><\/strong><\/h4>\n<ul>\n<li class=\"ng-star-inserted\"><span class=\"ng-star-inserted\">Flutter Series (Parts 1-5: Introduction, Building Apps, Widgets, State, Packages) (LinkedIn)<\/span><\/li>\n<li class=\"ng-star-inserted\"><span class=\"ng-star-inserted\">Introduction to Dart (LinkedIn)<\/span><\/li>\n<li class=\"ng-star-inserted\"><span class=\"ng-star-inserted\">Clean Code with Dart (LinkedIn)<\/span><\/li>\n<li class=\"ng-star-inserted\"><span class=\"ng-star-inserted\">Building an Android App with Jetpack Libraries (LinkedIn)<\/span><\/li>\n<li class=\"ng-star-inserted\"><span class=\"ng-star-inserted\">Concurrent Programming with Android: Threads, Workers, and Kotlin Coroutines (LinkedIn)<\/span><\/li>\n<li class=\"ng-star-inserted\"><span class=\"ng-star-inserted\">Kotlin Essential Training (LinkedIn)<\/span><\/li>\n<li class=\"ng-star-inserted\"><span class=\"ng-star-inserted\">Kotlin for Java Developers (LinkedIn)<\/span><\/li>\n<li class=\"ng-star-inserted\"><span class=\"ng-star-inserted\">Android Development Essential Training: App Architecture with Kotlin (LinkedIn)<\/span><\/li>\n<li class=\"ng-star-inserted\"><span class=\"ng-star-inserted\">Android Development Essential Training: The User Interface with Kotlin (LinkedIn)<\/span><\/li>\n<li class=\"ng-star-inserted\"><span class=\"ng-star-inserted\">Android Studio Essential Training 2020 (LinkedIn)<\/span><\/li>\n<\/ul>\n<h4 class=\"ng-star-inserted\"><strong class=\"ng-star-inserted\"><span class=\"ng-star-inserted\">Cloud \/ DevOps \/ Infrastructure<\/span><\/strong><\/h4>\n<ul>\n<li class=\"ng-star-inserted\"><span class=\"ng-star-inserted\">Developing Applications with Google Cloud: Foundations (Google Cloud)<\/span><\/li>\n<li class=\"ng-star-inserted\"><span class=\"ng-star-inserted\">Google Cloud Fundamentals: Core Infrastructure (Google Cloud)<\/span><\/li>\n<li class=\"ng-star-inserted\"><span class=\"ng-star-inserted\">Cloud Computing Basics (Cloud 101) (Coursera)<\/span><\/li>\n<li class=\"ng-star-inserted\"><span class=\"ng-star-inserted\">Docker for Developers (LinkedIn)<\/span><\/li>\n<li class=\"ng-star-inserted\"><span class=\"ng-star-inserted\">Microservices Foundations (LinkedIn)<\/span><\/li>\n<li class=\"ng-star-inserted\"><span class=\"ng-star-inserted\">DevOps for Managers (LinkedIn)<\/span><\/li>\n<\/ul>\n<h4 class=\"ng-star-inserted\"><strong class=\"ng-star-inserted\"><span class=\"ng-star-inserted\">Project Management &amp; Agile<\/span><\/strong><\/h4>\n<ul>\n<li class=\"ng-star-inserted\"><span class=\"ng-star-inserted\">Agile Project Management (Google \/ Coursera)<\/span><\/li>\n<li class=\"ng-star-inserted\"><span class=\"ng-star-inserted\">Introduction to Agile Development and Scrum (Coursera)<\/span><\/li>\n<li class=\"ng-star-inserted\"><span class=\"ng-star-inserted\">Agile Software Development: Scrum for Developers (LinkedIn)<\/span><\/li>\n<li class=\"ng-star-inserted\"><span class=\"ng-star-inserted\">Agile Software Development (LinkedIn)<\/span><\/li>\n<li class=\"ng-star-inserted\"><span class=\"ng-star-inserted\">Learning Jira Software (LinkedIn)<\/span><\/li>\n<li class=\"ng-star-inserted\"><span class=\"ng-star-inserted\">Agile Project Management with Jira Cloud (Parts 1 &amp; 2) (LinkedIn)<\/span><\/li>\n<li class=\"ng-star-inserted\"><span class=\"ng-star-inserted\">Project Management Foundations (LinkedIn)<\/span><\/li>\n<\/ul>\n<h4 class=\"ng-star-inserted\"><strong class=\"ng-star-inserted\"><span class=\"ng-star-inserted\">Programming Languages &amp; Tools (General)<\/span><\/strong><\/h4>\n<ul>\n<li class=\"ng-star-inserted\"><span class=\"ng-star-inserted\">Learning Git and GitHub (LinkedIn)<\/span><\/li>\n<li class=\"ng-star-inserted\"><span class=\"ng-star-inserted\">Programming Foundations: Secure Coding (LinkedIn)<\/span><\/li>\n<li class=\"ng-star-inserted\"><span class=\"ng-star-inserted\">Go Essential Training (LinkedIn)<\/span><\/li>\n<li class=\"ng-star-inserted\"><span class=\"ng-star-inserted\">Java 8 Essential Training (LinkedIn)<\/span><\/li>\n<li class=\"ng-star-inserted\"><span class=\"ng-star-inserted\">Learning Java Lambda Expressions (LinkedIn)<\/span><\/li>\n<li class=\"ng-star-inserted\"><span class=\"ng-star-inserted\">Learning Gradle (LinkedIn)<\/span><\/li>\n<\/ul>\n<h4 class=\"ng-star-inserted\"><strong class=\"ng-star-inserted\"><span class=\"ng-star-inserted\">Other Training<\/span><\/strong><\/h4>\n<ul>\n<li class=\"ng-star-inserted\"><span class=\"ng-star-inserted\">La Disrupci\u00f3n del Blockchain (Coursera)<\/span><\/li>\n<li class=\"ng-star-inserted\"><span class=\"ng-star-inserted\">EF SET English Certificate 59\/100 (B2 Upper Intermediate) (EF SET)<\/span><\/li>\n<\/ul>","protected":false},"excerpt":{"rendered":"<p>Education &amp; Professional Development Formal Education Licenciado, Ciencias F\u00edsicas (Physics Degree) University of Buenos Aires (1979 &#8211; 1986) Direcci\u00f3n de Proyectos &#8211; PMI (Project Management Program) Escuela de Integraci\u00f3n de Tecnolog\u00eda, Gesti\u00f3n y Negocios de la ORT (2009) Programador Superior en COBOL (COBOL Programmer Analyst) Fuerza A\u00e9rea Argentina (Argentine Air Force) (1985) Bachiller (High School &#8230; <a title=\"Education &#038; Certifications\" class=\"read-more\" href=\"https:\/\/grasso.net.ar\/es\/education-certifications\/\" aria-label=\"Leer m\u00e1s sobre Education &#038; Certifications\">Leer m\u00e1s<\/a><\/p>","protected":false},"author":2,"featured_media":0,"parent":0,"menu_order":0,"comment_status":"closed","ping_status":"closed","template":"","meta":{"footnotes":""},"class_list":["post-74","page","type-page","status-publish"],"_links":{"self":[{"href":"https:\/\/grasso.net.ar\/es\/wp-json\/wp\/v2\/pages\/74","targetHints":{"allow":["GET"]}}],"collection":[{"href":"https:\/\/grasso.net.ar\/es\/wp-json\/wp\/v2\/pages"}],"about":[{"href":"https:\/\/grasso.net.ar\/es\/wp-json\/wp\/v2\/types\/page"}],"author":[{"embeddable":true,"href":"https:\/\/grasso.net.ar\/es\/wp-json\/wp\/v2\/users\/2"}],"replies":[{"embeddable":true,"href":"https:\/\/grasso.net.ar\/es\/wp-json\/wp\/v2\/comments?post=74"}],"version-history":[{"count":4,"href":"https:\/\/grasso.net.ar\/es\/wp-json\/wp\/v2\/pages\/74\/revisions"}],"predecessor-version":[{"id":114,"href":"https:\/\/grasso.net.ar\/es\/wp-json\/wp\/v2\/pages\/74\/revisions\/114"}],"wp:attachment":[{"href":"https:\/\/grasso.net.ar\/es\/wp-json\/wp\/v2\/media?parent=74"}],"curies":[{"name":"wp","href":"https:\/\/api.w.org\/{rel}","templated":true}]}}