{"id":76,"date":"2025-04-29T17:00:29","date_gmt":"2025-04-29T20:00:29","guid":{"rendered":"https:\/\/grasso.net.ar\/?page_id=76"},"modified":"2025-04-29T18:43:27","modified_gmt":"2025-04-29T21:43:27","slug":"publications","status":"publish","type":"page","link":"https:\/\/grasso.net.ar\/es\/publications\/","title":{"rendered":"Publications"},"content":{"rendered":"<h2 class=\"ng-star-inserted\"><strong class=\"ng-star-inserted\"><span class=\"ng-star-inserted\">Scientific Publications (Physics)<\/span><\/strong><\/h2>\n<h3 class=\"ng-star-inserted\"><strong class=\"ng-star-inserted\"><span class=\"ng-star-inserted\">Overview<\/span><\/strong><\/h3>\n<p class=\"ng-star-inserted\"><span class=\"ng-star-inserted\">During my time as a Physicist researcher at the Comisi\u00f3n Nacional de Energ\u00eda At\u00f3mica (CNEA) and collaborations, I co-authored several papers primarily focused on Solid State Nuclear Track Detectors (SSNTD), radiation effects, and related instrumentation. Below is a list of these publications. <\/span><span class=\"ng-star-inserted\">(Note: Full text access may require journal subscription or institutional access.)<\/span><\/p>\n<h3 class=\"ng-star-inserted\"><strong class=\"ng-star-inserted\"><span class=\"ng-star-inserted\">Published Articles<\/span><\/strong><\/h3>\n<ul class=\"ng-star-inserted\">\n<li class=\"ng-star-inserted\">\n<p class=\"ng-star-inserted\"><strong class=\"ng-star-inserted\"><span class=\"ng-star-inserted\">Title:<\/span><\/strong><span class=\"ng-star-inserted\">\u00a0Submicroscopic nuclear track kinetic theory applied to initial chemical etching of Makrofol E<\/span><\/p>\n<\/li>\n<\/ul>\n<ul>\n<li style=\"list-style-type: none;\">\n<ul>\n<li class=\"ng-star-inserted\"><strong class=\"ng-star-inserted\"><span class=\"ng-star-inserted\">Authors:<\/span><\/strong><span class=\"ng-star-inserted\">\u00a0R. Mazzei, O.A. Bernaola, J.C. Grasso, J.C. Bourdin, G. Saint Martin<\/span><\/li>\n<li class=\"ng-star-inserted\"><strong class=\"ng-star-inserted\"><span class=\"ng-star-inserted\">Journal:<\/span><\/strong><span class=\"ng-star-inserted\">\u00a0Nuclear Instruments and Methods in Physics Research Section B, Vol. B17, pp. 275-279<\/span><\/li>\n<li class=\"ng-star-inserted\"><strong class=\"ng-star-inserted\"><span class=\"ng-star-inserted\">Year:<\/span><\/strong><span class=\"ng-star-inserted\">\u00a01986<\/span><\/li>\n<\/ul>\n<\/li>\n<\/ul>\n<ul class=\"ng-star-inserted\">\n<li class=\"ng-star-inserted\">\n<p class=\"ng-star-inserted\"><strong class=\"ng-star-inserted\"><span class=\"ng-star-inserted\">Title:<\/span><\/strong><span class=\"ng-star-inserted\">\u00a0The replica technique for the observation of tracks by TEM, allowed the study of tracks in Makrofol E in regions of energy virtually \u201cforbidden\u201d by the traditional registration models.\u00a0<\/span><span class=\"ng-star-inserted\">(Exact title may vary slightly based on final publication)<\/span><\/p>\n<\/li>\n<\/ul>\n<ul>\n<li style=\"list-style-type: none;\">\n<ul>\n<li class=\"ng-star-inserted\"><strong class=\"ng-star-inserted\"><span class=\"ng-star-inserted\">Authors:<\/span><\/strong><span class=\"ng-star-inserted\">\u00a0G. Saint Martin, C. Grasso, O.A. Bernaola<\/span><\/li>\n<li class=\"ng-star-inserted\"><strong class=\"ng-star-inserted\"><span class=\"ng-star-inserted\">Journal:<\/span><\/strong><span class=\"ng-star-inserted\">\u00a0International Journal of Radiation Applications and Instrumentation Part D Nuclear Tracks and Radiation Measurements<\/span><\/li>\n<li class=\"ng-star-inserted\"><strong class=\"ng-star-inserted\"><span class=\"ng-star-inserted\">Year:<\/span><\/strong><span class=\"ng-star-inserted\">\u00a0Circa early 1990s<\/span><\/li>\n<\/ul>\n<\/li>\n<\/ul>\n<ul class=\"ng-star-inserted\">\n<li class=\"ng-star-inserted\">\n<p class=\"ng-star-inserted\"><strong class=\"ng-star-inserted\"><span class=\"ng-star-inserted\">Title:<\/span><\/strong><span class=\"ng-star-inserted\">\u00a0Detection threshold in Polymers<\/span><\/p>\n<\/li>\n<\/ul>\n<ul>\n<li style=\"list-style-type: none;\">\n<ul>\n<li class=\"ng-star-inserted\"><strong class=\"ng-star-inserted\"><span class=\"ng-star-inserted\">Authors:<\/span><\/strong><span class=\"ng-star-inserted\">\u00a0O.A. Bernaola, G. Saint Martin, C. Grasso, J.C. Grasso<\/span><\/li>\n<li class=\"ng-star-inserted\"><strong class=\"ng-star-inserted\"><span class=\"ng-star-inserted\">Journal:<\/span><\/strong><span class=\"ng-star-inserted\">\u00a0Nuclear Tracks and Radiation Measurements<\/span><\/li>\n<li class=\"ng-star-inserted\"><strong class=\"ng-star-inserted\"><span class=\"ng-star-inserted\">Year:<\/span><\/strong><span class=\"ng-star-inserted\">\u00a0Circa 1992-1993<\/span><\/li>\n<\/ul>\n<\/li>\n<\/ul>\n<ul class=\"ng-star-inserted\">\n<li class=\"ng-star-inserted\">\n<p class=\"ng-star-inserted\"><strong class=\"ng-star-inserted\"><span class=\"ng-star-inserted\">Title:<\/span><\/strong><span class=\"ng-star-inserted\">\u00a0A new simple method to study the induction time<\/span><\/p>\n<\/li>\n<\/ul>\n<ul>\n<li style=\"list-style-type: none;\">\n<ul>\n<li class=\"ng-star-inserted\"><strong class=\"ng-star-inserted\"><span class=\"ng-star-inserted\">Authors:<\/span><\/strong><span class=\"ng-star-inserted\">\u00a0R. Mazzei, O.A. Bernaola, J.C. Grasso, G. Saint Martin<\/span><\/li>\n<li class=\"ng-star-inserted\"><strong class=\"ng-star-inserted\"><span class=\"ng-star-inserted\">Journal:<\/span><\/strong><span class=\"ng-star-inserted\">\u00a0Nuclear Instruments &amp; Methods in Physics Research<\/span><\/li>\n<li class=\"ng-star-inserted\"><strong class=\"ng-star-inserted\"><span class=\"ng-star-inserted\">Year:<\/span><\/strong><span class=\"ng-star-inserted\">\u00a0Circa 1995<\/span><\/li>\n<\/ul>\n<\/li>\n<\/ul>\n<ul class=\"ng-star-inserted\">\n<li class=\"ng-star-inserted\">\n<p class=\"ng-star-inserted\"><strong class=\"ng-star-inserted\"><span class=\"ng-star-inserted\">Title:<\/span><\/strong><span class=\"ng-star-inserted\">\u00a0Measurements of Nuclear Track Etch Induction Time in Markrofol for Alpha Particles from a 252-Cf Source\u00a0<\/span><span class=\"ng-star-inserted\">(Note: Specific co-authorship confirmed by context\/collaboration)<\/span><\/p>\n<\/li>\n<\/ul>\n<ul>\n<li style=\"list-style-type: none;\">\n<ul>\n<li class=\"ng-star-inserted\"><strong class=\"ng-star-inserted\"><span class=\"ng-star-inserted\">Authors:<\/span><\/strong><span class=\"ng-star-inserted\">\u00a0(Included J.C. Grasso in collaborative group&#8217;s work)<\/span><\/li>\n<li class=\"ng-star-inserted\"><strong class=\"ng-star-inserted\"><span class=\"ng-star-inserted\">Journal:<\/span><\/strong><span class=\"ng-star-inserted\">\u00a0(Potentially conference proceeding or journal article, referenced via ResearchGate)<\/span><\/li>\n<li class=\"ng-star-inserted\"><strong class=\"ng-star-inserted\"><span class=\"ng-star-inserted\">Year:<\/span><\/strong><span class=\"ng-star-inserted\">\u00a0Research related to this publication cited around this timeframe.<\/span><\/li>\n<\/ul>\n<\/li>\n<\/ul>","protected":false},"excerpt":{"rendered":"<p>Scientific Publications (Physics) Overview During my time as a Physicist researcher at the Comisi\u00f3n Nacional de Energ\u00eda At\u00f3mica (CNEA) and collaborations, I co-authored several papers primarily focused on Solid State Nuclear Track Detectors (SSNTD), radiation effects, and related instrumentation. Below is a list of these publications. (Note: Full text access may require journal subscription or &#8230; <a title=\"Publications\" class=\"read-more\" href=\"https:\/\/grasso.net.ar\/es\/publications\/\" aria-label=\"Leer m\u00e1s sobre Publications\">Leer m\u00e1s<\/a><\/p>","protected":false},"author":2,"featured_media":0,"parent":0,"menu_order":0,"comment_status":"closed","ping_status":"closed","template":"","meta":{"footnotes":""},"class_list":["post-76","page","type-page","status-publish"],"_links":{"self":[{"href":"https:\/\/grasso.net.ar\/es\/wp-json\/wp\/v2\/pages\/76","targetHints":{"allow":["GET"]}}],"collection":[{"href":"https:\/\/grasso.net.ar\/es\/wp-json\/wp\/v2\/pages"}],"about":[{"href":"https:\/\/grasso.net.ar\/es\/wp-json\/wp\/v2\/types\/page"}],"author":[{"embeddable":true,"href":"https:\/\/grasso.net.ar\/es\/wp-json\/wp\/v2\/users\/2"}],"replies":[{"embeddable":true,"href":"https:\/\/grasso.net.ar\/es\/wp-json\/wp\/v2\/comments?post=76"}],"version-history":[{"count":2,"href":"https:\/\/grasso.net.ar\/es\/wp-json\/wp\/v2\/pages\/76\/revisions"}],"predecessor-version":[{"id":96,"href":"https:\/\/grasso.net.ar\/es\/wp-json\/wp\/v2\/pages\/76\/revisions\/96"}],"wp:attachment":[{"href":"https:\/\/grasso.net.ar\/es\/wp-json\/wp\/v2\/media?parent=76"}],"curies":[{"name":"wp","href":"https:\/\/api.w.org\/{rel}","templated":true}]}}